{"id":28,"date":"2016-03-30T10:22:10","date_gmt":"2016-03-30T10:22:10","guid":{"rendered":"http:\/\/demo.wpcharming.com\/construction\/?page_id=25"},"modified":"2023-02-02T10:17:47","modified_gmt":"2023-02-02T10:17:47","slug":"contact-us","status":"publish","type":"page","link":"https:\/\/www.kaufelektro.cz\/index.php\/contact-us\/","title":{"rendered":"Kontakt"},"content":{"rendered":"<p>[vc_row row_type=&#8221;row_full_center_content&#8221; row_parallax=&#8221;false&#8221; padding_top=&#8221;10&#8243;][vc_column width=&#8221;1\/2&#8243;]\n\t<div class=\"custom-heading wpb_content_element \">\n\t\t<h2 class=\"heading-title\" >Kontaktujte n\u00e1s<\/h2>\n\t\t<span class=\"heading-line primary\"><\/span>\n\t<\/div>[vc_column_text]Nev\u00e1hejte n\u00e1m zavolat nebo napsat v\u00e1\u0161 po\u017eadavek. R\u00e1di V\u00e1m pom\u016f\u017eeme s Va\u0161imi projekty a budeme se pod\u00edlet na spln\u011bn\u00ed Va\u0161ich pl\u00e1n\u016f. T\u011b\u0161\u00edme se na spolupr\u00e1ci s V\u00e1mi![\/vc_column_text][vc_row_inner][vc_column_inner width=&#8221;1\/2&#8243;][vc_column_text]<\/p>\n<h4>PO\u0160TOVN\u00cd ADRESA<\/h4>\n<p><strong>KAUF-ELEKTRO, spol. s r.o.<\/strong><br \/>\nHru\u0161ky 215<br \/>\n683 52 K\u0159enovice u Slavkova<br \/>\n\u010cesk\u00e1 republika<\/p>\n<h4>KONTAKTN\u00cd \u00daDAJE<\/h4>\n<p>+420 603 427 050<br \/>\n+420 603 277 122<br \/>\n<a href=\"mailto:jan.kaufml@kaufelektro.cz\">jan.kaufml@kaufelektro.cz<\/a><br \/>\n<a href=\"http:\/\/www.kaufelektro.cz\/\">www.kaufelektro.cz<\/a>[\/vc_column_text][\/vc_column_inner][vc_column_inner width=&#8221;1\/2&#8243;][vc_column_text]<\/p>\n<h4>FAKTURA\u010cN\u00cd ADRESA<\/h4>\n<p><strong>KAUF-ELEKTRO, spol. s r.o.<\/strong><br \/>\nKov\u00e1\u0159ov 20<br \/>\n78325 Bouzov<br \/>\n\u010cesk\u00e1 republika<\/p>\n<p>I\u010c: 25892185<br \/>\nDI\u010c: CZ25892185<\/p>\n<p>Bankovn\u00ed spojen\u00ed, Komer\u010dn\u00ed banka<br \/>\n\u010d. \u00fa. 27-8903780227\/0100<\/p>\n<p>Firma\u00a0zapsan\u00e1\u00a0v obchodn\u00edm rejst\u0159\u00edku KS Ostrava odd\u00edl C, vlo\u017eka 24726[\/vc_column_text][\/vc_column_inner][\/vc_row_inner][\/vc_column][vc_column width=&#8221;1\/2&#8243;][vc_row_inner][vc_column_inner width=&#8221;1\/2&#8243; css=&#8221;.vc_custom_1423767656799{margin-top: 60px !important;margin-bottom: 40px !important;}&#8221;][\/vc_column_inner][vc_column_inner width=&#8221;1\/2&#8243; css=&#8221;.vc_custom_1423767662799{margin-top: 60px !important;margin-bottom: 40px !important;}&#8221;][\/vc_column_inner][\/vc_row_inner][vc_column_text]<iframe loading=\"lazy\" style=\"border: 0;\" src=\"https:\/\/www.google.com\/maps\/embed?pb=!1m18!1m12!1m3!1d1322471.2129713837!2d14.539807627208056!3d49.655211445055365!2m3!1f0!2f0!3f0!3m2!1i1024!2i768!4f13.1!3m3!1m2!1s0x4712e83b9b6460d7%3A0xb6ad902d3c85742e!2zSHJ1xaFreSAyMTUsIDY4MyA1MiBIcnXFoWt5!5e0!3m2!1sen!2scz!4v1459346617357\" width=\"600\" height=\"450\" frameborder=\"0\" allowfullscreen=\"allowfullscreen\"><\/iframe>[\/vc_column_text][\/vc_column][\/vc_row]<\/p>\n","protected":false},"excerpt":{"rendered":"<p>[vc_row row_type=&#8221;row_full_center_content&#8221; row_parallax=&#8221;false&#8221; padding_top=&#8221;10&#8243;][vc_column width=&#8221;1\/2&#8243;][vc_column_text]Nev\u00e1hejte n\u00e1m zavolat nebo napsat v\u00e1\u0161 po\u017eadavek. R\u00e1di V\u00e1m pom\u016f\u017eeme s Va\u0161imi projekty a budeme se pod\u00edlet &#8230;<\/p>\n","protected":false},"author":1,"featured_media":0,"parent":0,"menu_order":0,"comment_status":"open","ping_status":"open","template":"","meta":{"footnotes":""},"class_list":["post-28","page","type-page","status-publish","hentry"],"_links":{"self":[{"href":"https:\/\/www.kaufelektro.cz\/index.php\/wp-json\/wp\/v2\/pages\/28"}],"collection":[{"href":"https:\/\/www.kaufelektro.cz\/index.php\/wp-json\/wp\/v2\/pages"}],"about":[{"href":"https:\/\/www.kaufelektro.cz\/index.php\/wp-json\/wp\/v2\/types\/page"}],"author":[{"embeddable":true,"href":"https:\/\/www.kaufelektro.cz\/index.php\/wp-json\/wp\/v2\/users\/1"}],"replies":[{"embeddable":true,"href":"https:\/\/www.kaufelektro.cz\/index.php\/wp-json\/wp\/v2\/comments?post=28"}],"version-history":[{"count":17,"href":"https:\/\/www.kaufelektro.cz\/index.php\/wp-json\/wp\/v2\/pages\/28\/revisions"}],"predecessor-version":[{"id":1212,"href":"https:\/\/www.kaufelektro.cz\/index.php\/wp-json\/wp\/v2\/pages\/28\/revisions\/1212"}],"wp:attachment":[{"href":"https:\/\/www.kaufelektro.cz\/index.php\/wp-json\/wp\/v2\/media?parent=28"}],"curies":[{"name":"wp","href":"https:\/\/api.w.org\/{rel}","templated":true}]}}