{"id":25,"date":"2016-03-30T10:21:11","date_gmt":"2016-03-30T10:21:11","guid":{"rendered":"http:\/\/demo.wpcharming.com\/construction\/?page_id=17"},"modified":"2024-04-25T11:25:06","modified_gmt":"2024-04-25T11:25:06","slug":"our-services","status":"publish","type":"page","link":"https:\/\/www.kaufelektro.cz\/index.php\/our-services\/","title":{"rendered":"Nab\u00eddka slu\u017eeb"},"content":{"rendered":"<p>[vc_row padding_top=&#8221;10&#8243; padding_bottom=&#8221;0&#8243;][vc_column]\n\t<div class=\"child-page-wrapper \">\n\t\t<div class=\"grid-wrapper grid-3-columns grid-row \">\n\t\t\t<div class=\"grid-item grid-sm-6 grid-md-4\">\n\t\t\t\t<div class=\"grid-thumbnail\">\n\t\t\t\t\t<a href=\"https:\/\/www.kaufelektro.cz\/index.php\/our-services\/elektro-prace\/\" title=\"Elektro pr\u00e1ce\"><img loading=\"lazy\" decoding=\"async\" width=\"600\" height=\"300\" src=\"https:\/\/www.kaufelektro.cz\/wp-content\/uploads\/2018\/06\/kaufelektro-electric-1080584_900-web-600x300.jpg\" class=\"attachment-medium-thumb size-medium-thumb wp-post-image\" alt=\"\" srcset=\"https:\/\/www.kaufelektro.cz\/wp-content\/uploads\/2018\/06\/kaufelektro-electric-1080584_900-web-600x300.jpg 600w, https:\/\/www.kaufelektro.cz\/wp-content\/uploads\/2018\/06\/kaufelektro-electric-1080584_900-web-400x200.jpg 400w, https:\/\/www.kaufelektro.cz\/wp-content\/uploads\/2018\/06\/kaufelektro-electric-1080584_900-web-800x400.jpg 800w\" sizes=\"(max-width: 600px) 100vw, 600px\" \/><\/a>\n\t\t\t\t<\/div>\n\t\t\t\t<h3 class=\"grid-title\"><a href=\"https:\/\/www.kaufelektro.cz\/index.php\/our-services\/elektro-prace\/\" rel=\"bookmark\">Elektro pr\u00e1ce<\/a><\/h3>\n\n\t\t\t\t<p>Prov\u00e1d\u00edme kompletn\u00ed elektroinstalace budov. Zajist\u00edme v\u0161e od projektov\u00e9 dokumentace a povolen\u00ed, p\u0159es mont\u00e1\u017e, a\u017e po revizn\u00ed kontroly.<\/p>\n\n\t\t\t\t<a class=\"grid-more\" href=\"https:\/\/www.kaufelektro.cz\/index.php\/our-services\/elektro-prace\/\" title=\"Elektro pr\u00e1ce\">.<\/a>\n\n\t\t\t<\/div>\n\t\t\t\n\t\t\t<div class=\"grid-item grid-sm-6 grid-md-4\">\n\t\t\t\t<div class=\"grid-thumbnail\">\n\t\t\t\t\t<a href=\"https:\/\/www.kaufelektro.cz\/index.php\/our-services\/zednicke-prace\/\" title=\"Zednick\u00e9 pr\u00e1ce\"><img loading=\"lazy\" decoding=\"async\" width=\"600\" height=\"300\" src=\"https:\/\/www.kaufelektro.cz\/wp-content\/uploads\/2024\/04\/zednickeprace_900-web24-600x300.jpg\" class=\"attachment-medium-thumb size-medium-thumb wp-post-image\" alt=\"zednicke prace\" srcset=\"https:\/\/www.kaufelektro.cz\/wp-content\/uploads\/2024\/04\/zednickeprace_900-web24-600x300.jpg 600w, https:\/\/www.kaufelektro.cz\/wp-content\/uploads\/2024\/04\/zednickeprace_900-web24-400x200.jpg 400w, https:\/\/www.kaufelektro.cz\/wp-content\/uploads\/2024\/04\/zednickeprace_900-web24-800x400.jpg 800w\" sizes=\"(max-width: 600px) 100vw, 600px\" \/><\/a>\n\t\t\t\t<\/div>\n\t\t\t\t<h3 class=\"grid-title\"><a href=\"https:\/\/www.kaufelektro.cz\/index.php\/our-services\/zednicke-prace\/\" rel=\"bookmark\">Zednick\u00e9 pr\u00e1ce<\/a><\/h3>\n\n\t\t\t\t<p>Prov\u00e1d\u00edme spolehliv\u00e9 zednick\u00e9 pr\u00e1ce, rodinn\u00e9 domy na kl\u00ed\u010d, rekonstrukce, zateplen\u00ed fas\u00e1d, z\u00e1mkov\u00e9 dla\u017eby a obklady, dla\u017eby, v\u00fdkopov\u00e9, instalat\u00e9rsk\u00e9 pr\u00e1ce...<\/p>\n\n\t\t\t\t<a class=\"grid-more\" href=\"https:\/\/www.kaufelektro.cz\/index.php\/our-services\/zednicke-prace\/\" title=\"Zednick\u00e9 pr\u00e1ce\">.<\/a>\n\n\t\t\t<\/div>\n\t\t\t\n\t\t\t<div class=\"grid-item grid-sm-6 grid-md-4\">\n\t\t\t\t<div class=\"grid-thumbnail\">\n\t\t\t\t\t<a href=\"https:\/\/www.kaufelektro.cz\/index.php\/our-services\/bouraci-prace\/\" title=\"Bourac\u00ed pr\u00e1ce\"><img loading=\"lazy\" decoding=\"async\" width=\"600\" height=\"300\" src=\"https:\/\/www.kaufelektro.cz\/wp-content\/uploads\/2018\/06\/kaufelektro-demolition-855079_900-web-600x300.jpg\" class=\"attachment-medium-thumb size-medium-thumb wp-post-image\" alt=\"\" srcset=\"https:\/\/www.kaufelektro.cz\/wp-content\/uploads\/2018\/06\/kaufelektro-demolition-855079_900-web-600x300.jpg 600w, https:\/\/www.kaufelektro.cz\/wp-content\/uploads\/2018\/06\/kaufelektro-demolition-855079_900-web-400x200.jpg 400w, https:\/\/www.kaufelektro.cz\/wp-content\/uploads\/2018\/06\/kaufelektro-demolition-855079_900-web-800x400.jpg 800w\" sizes=\"(max-width: 600px) 100vw, 600px\" \/><\/a>\n\t\t\t\t<\/div>\n\t\t\t\t<h3 class=\"grid-title\"><a href=\"https:\/\/www.kaufelektro.cz\/index.php\/our-services\/bouraci-prace\/\" rel=\"bookmark\">Bourac\u00ed pr\u00e1ce<\/a><\/h3>\n\n\t\t\t\t<p>Bourac\u00ed pr\u00e1ce a demolice, zemn\u00ed pr\u00e1ce. Bourac\u00ed pr\u00e1ce prov\u00e1d\u00edme v\u010detn\u011b zpracov\u00e1n\u00ed a odstran\u011bn\u00ed zemin a sut\u00ed. Demolice mal\u00fdch a st\u0159edn\u00edch objekt\u016f.<\/p>\n\n\t\t\t\t<a class=\"grid-more\" href=\"https:\/\/www.kaufelektro.cz\/index.php\/our-services\/bouraci-prace\/\" title=\"Bourac\u00ed pr\u00e1ce\">.<\/a>\n\n\t\t\t<\/div>\n\t\t\t\n\t\t\t\t<div class=\"clear\"><\/div>\n\t\t\t<div class=\"grid-item grid-sm-6 grid-md-4\">\n\t\t\t\t<div class=\"grid-thumbnail\">\n\t\t\t\t\t<a href=\"https:\/\/www.kaufelektro.cz\/index.php\/our-services\/malirske-prace\/\" title=\"Mal\u00ed\u0159sk\u00e9 pr\u00e1ce\"><img loading=\"lazy\" decoding=\"async\" width=\"600\" height=\"300\" src=\"https:\/\/www.kaufelektro.cz\/wp-content\/uploads\/2018\/06\/kaufelektro-painter-2751666_900-web-600x300.jpg\" class=\"attachment-medium-thumb size-medium-thumb wp-post-image\" alt=\"\" srcset=\"https:\/\/www.kaufelektro.cz\/wp-content\/uploads\/2018\/06\/kaufelektro-painter-2751666_900-web-600x300.jpg 600w, https:\/\/www.kaufelektro.cz\/wp-content\/uploads\/2018\/06\/kaufelektro-painter-2751666_900-web-400x200.jpg 400w, https:\/\/www.kaufelektro.cz\/wp-content\/uploads\/2018\/06\/kaufelektro-painter-2751666_900-web-800x400.jpg 800w\" sizes=\"(max-width: 600px) 100vw, 600px\" \/><\/a>\n\t\t\t\t<\/div>\n\t\t\t\t<h3 class=\"grid-title\"><a href=\"https:\/\/www.kaufelektro.cz\/index.php\/our-services\/malirske-prace\/\" rel=\"bookmark\">Mal\u00ed\u0159sk\u00e9 pr\u00e1ce<\/a><\/h3>\n\n\t\t\t\t<p>Mal\u00ed\u0159sk\u00e9 slu\u017eby pro rodinn\u00e9 domy, byty i administrativn\u00edch budovy. D\u00e1le prov\u00e1d\u00edme izola\u010dn\u00ed a pr\u016fmyslov\u00e9 n\u00e1t\u011bry a n\u00e1t\u011bry konstrukc\u00ed a st\u0159ech. Vymalujeme v\u0161e od WC po tov\u00e1rn\u00ed halu.<\/p>\n\n\t\t\t\t<a class=\"grid-more\" href=\"https:\/\/www.kaufelektro.cz\/index.php\/our-services\/malirske-prace\/\" title=\"Mal\u00ed\u0159sk\u00e9 pr\u00e1ce\">.<\/a>\n\n\t\t\t<\/div>\n\t\t\t\n\t\t\t<div class=\"grid-item grid-sm-6 grid-md-4\">\n\t\t\t\t<div class=\"grid-thumbnail\">\n\t\t\t\t\t<a href=\"https:\/\/www.kaufelektro.cz\/index.php\/our-services\/nateracske-prace\/\" title=\"Nat\u011bra\u010dsk\u00e9 pr\u00e1ce\"><img loading=\"lazy\" decoding=\"async\" width=\"600\" height=\"300\" src=\"https:\/\/www.kaufelektro.cz\/wp-content\/uploads\/2018\/06\/kaufelektro-working-438059_900-web-600x300.jpg\" class=\"attachment-medium-thumb size-medium-thumb wp-post-image\" alt=\"\" srcset=\"https:\/\/www.kaufelektro.cz\/wp-content\/uploads\/2018\/06\/kaufelektro-working-438059_900-web-600x300.jpg 600w, https:\/\/www.kaufelektro.cz\/wp-content\/uploads\/2018\/06\/kaufelektro-working-438059_900-web-400x200.jpg 400w, https:\/\/www.kaufelektro.cz\/wp-content\/uploads\/2018\/06\/kaufelektro-working-438059_900-web-800x400.jpg 800w\" sizes=\"(max-width: 600px) 100vw, 600px\" \/><\/a>\n\t\t\t\t<\/div>\n\t\t\t\t<h3 class=\"grid-title\"><a href=\"https:\/\/www.kaufelektro.cz\/index.php\/our-services\/nateracske-prace\/\" rel=\"bookmark\">Nat\u011bra\u010dsk\u00e9 pr\u00e1ce<\/a><\/h3>\n\n\t\t\t\t<p>Prov\u00e1d\u00edme n\u00e1t\u011bry fas\u00e1d a konstrukc\u00ed rodinn\u00fdch dom\u016f, staveb, v\u00fdrobn\u00edch, mont\u00e1\u017en\u00edch i administrativn\u00edch budov. D\u00e1le prov\u00e1d\u00edme izola\u010dn\u00ed a pr\u016fmyslov\u00e9 n\u00e1t\u011bry a n\u00e1t\u011bry konstrukc\u00ed a st\u0159ech.<\/p>\n\n\t\t\t\t<a class=\"grid-more\" href=\"https:\/\/www.kaufelektro.cz\/index.php\/our-services\/nateracske-prace\/\" title=\"Nat\u011bra\u010dsk\u00e9 pr\u00e1ce\">.<\/a>\n\n\t\t\t<\/div>\n\t\t\t\n\t\t\t<div class=\"grid-item grid-sm-6 grid-md-4\">\n\t\t\t\t<div class=\"grid-thumbnail\">\n\t\t\t\t\t<a href=\"https:\/\/www.kaufelektro.cz\/index.php\/our-services\/projekcni-prace\/\" title=\"Projek\u010dn\u00ed pr\u00e1ce\"><img loading=\"lazy\" decoding=\"async\" width=\"350\" height=\"174\" src=\"https:\/\/www.kaufelektro.cz\/wp-content\/uploads\/2016\/03\/banner-3techsluzby.jpg\" class=\"attachment-medium-thumb size-medium-thumb wp-post-image\" alt=\"\" srcset=\"https:\/\/www.kaufelektro.cz\/wp-content\/uploads\/2016\/03\/banner-3techsluzby.jpg 350w, https:\/\/www.kaufelektro.cz\/wp-content\/uploads\/2016\/03\/banner-3techsluzby-300x149.jpg 300w\" sizes=\"(max-width: 350px) 100vw, 350px\" \/><\/a>\n\t\t\t\t<\/div>\n\t\t\t\t<h3 class=\"grid-title\"><a href=\"https:\/\/www.kaufelektro.cz\/index.php\/our-services\/projekcni-prace\/\" rel=\"bookmark\">Projek\u010dn\u00ed pr\u00e1ce<\/a><\/h3>\n\n\t\t\t\t<p>Zabezpe\u010den\u00ed projektov\u00e9 p\u0159\u00edpravy pro \u00fazemn\u00ed \u0159\u00edzen\u00ed, pro stavebn\u00ed povolen\u00ed, zabezpe\u010den\u00ed projektu pro prov\u00e1d\u011bn\u00ed stavby. Projek\u010dn\u00ed \u010dinnost a poradenstv\u00ed, rekonstrukce ob\u010dansk\u00fdch, bytov\u00fdch, administrativn\u00edch a dal\u0161\u00edch staveb.<\/p>\n\n\t\t\t\t<a class=\"grid-more\" href=\"https:\/\/www.kaufelektro.cz\/index.php\/our-services\/projekcni-prace\/\" title=\"Projek\u010dn\u00ed pr\u00e1ce\">.<\/a>\n\n\t\t\t<\/div>\n\t\t\t\n\t\t\t\t<div class=\"clear\"><\/div>\n\t\t\t<div class=\"grid-item grid-sm-6 grid-md-4\">\n\t\t\t\t<div class=\"grid-thumbnail\">\n\t\t\t\t\t<a href=\"https:\/\/www.kaufelektro.cz\/index.php\/our-services\/uklidove-prace\/\" title=\"\u00daklidov\u00e9 pr\u00e1ce\"><img loading=\"lazy\" decoding=\"async\" width=\"600\" height=\"300\" src=\"https:\/\/www.kaufelektro.cz\/wp-content\/uploads\/2018\/06\/uklidoveprace_900-web-600x300.jpg\" class=\"attachment-medium-thumb size-medium-thumb wp-post-image\" alt=\"\" srcset=\"https:\/\/www.kaufelektro.cz\/wp-content\/uploads\/2018\/06\/uklidoveprace_900-web-600x300.jpg 600w, https:\/\/www.kaufelektro.cz\/wp-content\/uploads\/2018\/06\/uklidoveprace_900-web-400x200.jpg 400w, https:\/\/www.kaufelektro.cz\/wp-content\/uploads\/2018\/06\/uklidoveprace_900-web-800x400.jpg 800w\" sizes=\"(max-width: 600px) 100vw, 600px\" \/><\/a>\n\t\t\t\t<\/div>\n\t\t\t\t<h3 class=\"grid-title\"><a href=\"https:\/\/www.kaufelektro.cz\/index.php\/our-services\/uklidove-prace\/\" rel=\"bookmark\">\u00daklidov\u00e9 pr\u00e1ce<\/a><\/h3>\n\n\t\t\t\t<p>Ulid\u00edme a nebo vyklid\u00edme prostory jak administrativn\u00ed i obytn\u00e9.<\/p>\n\n\t\t\t\t<a class=\"grid-more\" href=\"https:\/\/www.kaufelektro.cz\/index.php\/our-services\/uklidove-prace\/\" title=\"\u00daklidov\u00e9 pr\u00e1ce\">.<\/a>\n\n\t\t\t<\/div>\n\t\t\t\n\t\t\t<div class=\"grid-item grid-sm-6 grid-md-4\">\n\t\t\t\t<div class=\"grid-thumbnail\">\n\t\t\t\t\t<a href=\"https:\/\/www.kaufelektro.cz\/index.php\/our-services\/rekonstrukce\/\" title=\"Rekonstrukce a stavebn\u00ed \u00fapravy\"><img loading=\"lazy\" decoding=\"async\" width=\"600\" height=\"300\" src=\"https:\/\/www.kaufelektro.cz\/wp-content\/uploads\/2018\/06\/rekonstrukce_900-web-600x300.jpg\" class=\"attachment-medium-thumb size-medium-thumb wp-post-image\" alt=\"\" srcset=\"https:\/\/www.kaufelektro.cz\/wp-content\/uploads\/2018\/06\/rekonstrukce_900-web-600x300.jpg 600w, https:\/\/www.kaufelektro.cz\/wp-content\/uploads\/2018\/06\/rekonstrukce_900-web-400x200.jpg 400w, https:\/\/www.kaufelektro.cz\/wp-content\/uploads\/2018\/06\/rekonstrukce_900-web-800x400.jpg 800w\" sizes=\"(max-width: 600px) 100vw, 600px\" \/><\/a>\n\t\t\t\t<\/div>\n\t\t\t\t<h3 class=\"grid-title\"><a href=\"https:\/\/www.kaufelektro.cz\/index.php\/our-services\/rekonstrukce\/\" rel=\"bookmark\">Rekonstrukce a stavebn\u00ed \u00fapravy<\/a><\/h3>\n\n\t\t\t\t<p>Zam\u011b\u0159ujeme se na v\u00fdstavbu a rekonstrukce jak rodinn\u00fdch nebo bytov\u00fdch dom\u016f, tak i adminstrativn\u00edch budov, obchodn\u00edch pas\u00e1\u017e\u00ed a kancel\u00e1\u0159\u00ed firem.<\/p>\n\n\t\t\t\t<a class=\"grid-more\" href=\"https:\/\/www.kaufelektro.cz\/index.php\/our-services\/rekonstrukce\/\" title=\"Rekonstrukce a stavebn\u00ed \u00fapravy\">.<\/a>\n\n\t\t\t<\/div>\n\t\t\t\n\t\t\t<div class=\"grid-item grid-sm-6 grid-md-4\">\n\t\t\t\t<div class=\"grid-thumbnail\">\n\t\t\t\t\t<a href=\"https:\/\/www.kaufelektro.cz\/index.php\/our-services\/doprava\/\" title=\"Doprava, p\u016fj\u010dovna karavan\u016f a ubytov\u00e1n\u00ed\"><img loading=\"lazy\" decoding=\"async\" width=\"600\" height=\"300\" src=\"https:\/\/www.kaufelektro.cz\/wp-content\/uploads\/2018\/06\/dopravapujcovna_900-web-600x300.jpg\" class=\"attachment-medium-thumb size-medium-thumb wp-post-image\" alt=\"\" srcset=\"https:\/\/www.kaufelektro.cz\/wp-content\/uploads\/2018\/06\/dopravapujcovna_900-web-600x300.jpg 600w, https:\/\/www.kaufelektro.cz\/wp-content\/uploads\/2018\/06\/dopravapujcovna_900-web-400x200.jpg 400w, https:\/\/www.kaufelektro.cz\/wp-content\/uploads\/2018\/06\/dopravapujcovna_900-web-800x400.jpg 800w\" sizes=\"(max-width: 600px) 100vw, 600px\" \/><\/a>\n\t\t\t\t<\/div>\n\t\t\t\t<h3 class=\"grid-title\"><a href=\"https:\/\/www.kaufelektro.cz\/index.php\/our-services\/doprava\/\" rel=\"bookmark\">Doprava, p\u016fj\u010dovna karavan\u016f a ubytov\u00e1n\u00ed<\/a><\/h3>\n\n\t\t\t\t<p>P\u016fj\u010dovna obytn\u00fdch voz\u016f a karavan\u016f. Zaji\u0161t\u011bn\u00ed dopravy. Pron\u00e1jem a zaji\u0161t\u011bn\u00ed ubytovac\u00edch prostor.<\/p>\n\n\t\t\t\t<a class=\"grid-more\" href=\"https:\/\/www.kaufelektro.cz\/index.php\/our-services\/doprava\/\" title=\"Doprava, p\u016fj\u010dovna karavan\u016f a ubytov\u00e1n\u00ed\">.<\/a>\n\n\t\t\t<\/div>\n\t\t\t\n\t\t\t\t<div class=\"clear\"><\/div>\n\t\t<\/div>\n\t<\/div>[\/vc_column][\/vc_row][vc_row][vc_column][vc_column_text]&#8230;[\/vc_column_text][\/vc_column][\/vc_row]<\/p>\n","protected":false},"excerpt":{"rendered":"<p>[vc_row padding_top=&#8221;10&#8243; padding_bottom=&#8221;0&#8243;][vc_column][\/vc_column][\/vc_row][vc_row][vc_column][vc_column_text]&#8230;[\/vc_column_text][\/vc_column][\/vc_row]<\/p>\n","protected":false},"author":1,"featured_media":0,"parent":0,"menu_order":0,"comment_status":"closed","ping_status":"closed","template":"","meta":{"footnotes":""},"class_list":["post-25","page","type-page","status-publish","hentry"],"_links":{"self":[{"href":"https:\/\/www.kaufelektro.cz\/index.php\/wp-json\/wp\/v2\/pages\/25"}],"collection":[{"href":"https:\/\/www.kaufelektro.cz\/index.php\/wp-json\/wp\/v2\/pages"}],"about":[{"href":"https:\/\/www.kaufelektro.cz\/index.php\/wp-json\/wp\/v2\/types\/page"}],"author":[{"embeddable":true,"href":"https:\/\/www.kaufelektro.cz\/index.php\/wp-json\/wp\/v2\/users\/1"}],"replies":[{"embeddable":true,"href":"https:\/\/www.kaufelektro.cz\/index.php\/wp-json\/wp\/v2\/comments?post=25"}],"version-history":[{"count":13,"href":"https:\/\/www.kaufelektro.cz\/index.php\/wp-json\/wp\/v2\/pages\/25\/revisions"}],"predecessor-version":[{"id":1224,"href":"https:\/\/www.kaufelektro.cz\/index.php\/wp-json\/wp\/v2\/pages\/25\/revisions\/1224"}],"wp:attachment":[{"href":"https:\/\/www.kaufelektro.cz\/index.php\/wp-json\/wp\/v2\/media?parent=25"}],"curies":[{"name":"wp","href":"https:\/\/api.w.org\/{rel}","templated":true}]}}