{"id":205,"date":"2016-02-07T13:15:02","date_gmt":"2016-02-07T13:15:02","guid":{"rendered":"http:\/\/demo.wpcharming.com\/construction\/?page_id=205"},"modified":"2018-06-08T16:35:08","modified_gmt":"2018-06-08T16:35:08","slug":"bouraci-prace","status":"publish","type":"page","link":"https:\/\/www.kaufelektro.cz\/index.php\/our-services\/bouraci-prace\/","title":{"rendered":"Bourac\u00ed pr\u00e1ce"},"content":{"rendered":"<p>[vc_row padding_top=&#8221;0&#8243; padding_bottom=&#8221;0&#8243;][vc_column][vc_single_image image=&#8221;1061&#8243; img_size=&#8221;1000&#215;600&#8243;][vc_column_text]<\/p>\n\n<p>[\/vc_column_text][\/vc_column][\/vc_row][vc_row][vc_column width=&#8221;1\/2&#8243;][vc_column_text]<\/p>\n<h4>Omlouv\u00e1me se, obsah str\u00e1nky se p\u0159ipravuje<\/h4>\n<p><a href=\"http:\/\/www.kaufelektro.cz\/index.php\/our-services\/\">P\u0159ehled nab\u00eddky v\u0161ech slu\u017eeb<\/a>[\/vc_column_text][vc_column_text]<\/p>\n<h4>.<\/h4>\n<p>.[\/vc_column_text][vc_accordion][vc_accordion_tab title=&#8221;Prvn\u00ed&#8221;][vc_column_text]Obsah se p\u0159ipravuje[\/vc_column_text][\/vc_accordion_tab][vc_accordion_tab title=&#8221;Druh\u00e1&#8221;][vc_column_text]Obsah se p\u0159ipravuje[\/vc_column_text][\/vc_accordion_tab][\/vc_accordion][\/vc_column][vc_column width=&#8221;1\/2&#8243;][vc_column_text]<\/p>\n<h4>.<\/h4>\n<p>.[\/vc_column_text][vc_column_text]<\/p>\n<h4>.<\/h4>\n<p>.[\/vc_column_text][vc_column_text]<\/p>\n<h4>.<\/h4>\n<p>&nbsp;<\/p>\n<p>.[\/vc_column_text][\/vc_column][\/vc_row]<\/p>\n","protected":false},"excerpt":{"rendered":"<p>Bourac\u00ed pr\u00e1ce a demolice, zemn\u00ed pr\u00e1ce. Bourac\u00ed pr\u00e1ce prov\u00e1d\u00edme v\u010detn\u011b zpracov\u00e1n\u00ed a odstran\u011bn\u00ed zemin a sut\u00ed. Demolice mal\u00fdch a st\u0159edn\u00edch objekt\u016f.<\/p>\n","protected":false},"author":1,"featured_media":1120,"parent":25,"menu_order":0,"comment_status":"closed","ping_status":"closed","template":"","meta":{"footnotes":""},"class_list":["post-205","page","type-page","status-publish","has-post-thumbnail","hentry"],"_links":{"self":[{"href":"https:\/\/www.kaufelektro.cz\/index.php\/wp-json\/wp\/v2\/pages\/205"}],"collection":[{"href":"https:\/\/www.kaufelektro.cz\/index.php\/wp-json\/wp\/v2\/pages"}],"about":[{"href":"https:\/\/www.kaufelektro.cz\/index.php\/wp-json\/wp\/v2\/types\/page"}],"author":[{"embeddable":true,"href":"https:\/\/www.kaufelektro.cz\/index.php\/wp-json\/wp\/v2\/users\/1"}],"replies":[{"embeddable":true,"href":"https:\/\/www.kaufelektro.cz\/index.php\/wp-json\/wp\/v2\/comments?post=205"}],"version-history":[{"count":8,"href":"https:\/\/www.kaufelektro.cz\/index.php\/wp-json\/wp\/v2\/pages\/205\/revisions"}],"predecessor-version":[{"id":1200,"href":"https:\/\/www.kaufelektro.cz\/index.php\/wp-json\/wp\/v2\/pages\/205\/revisions\/1200"}],"up":[{"embeddable":true,"href":"https:\/\/www.kaufelektro.cz\/index.php\/wp-json\/wp\/v2\/pages\/25"}],"wp:featuredmedia":[{"embeddable":true,"href":"https:\/\/www.kaufelektro.cz\/index.php\/wp-json\/wp\/v2\/media\/1120"}],"wp:attachment":[{"href":"https:\/\/www.kaufelektro.cz\/index.php\/wp-json\/wp\/v2\/media?parent=205"}],"curies":[{"name":"wp","href":"https:\/\/api.w.org\/{rel}","templated":true}]}}