{"id":1138,"date":"2016-01-06T07:56:53","date_gmt":"2016-01-06T07:56:53","guid":{"rendered":"http:\/\/www.kaufelektro.cz\/?page_id=1138"},"modified":"2024-04-04T16:16:04","modified_gmt":"2024-04-04T16:16:04","slug":"zednicke-prace","status":"publish","type":"page","link":"https:\/\/www.kaufelektro.cz\/index.php\/our-services\/zednicke-prace\/","title":{"rendered":"Zednick\u00e9 pr\u00e1ce"},"content":{"rendered":"<p>[vc_row padding_top=&#8221;0&#8243; padding_bottom=&#8221;0&#8243;][vc_column][vc_single_image image=&#8221;1061&#8243; img_size=&#8221;1000&#215;600&#8243;][vc_column_text]<\/p>\n\n<p>[\/vc_column_text][\/vc_column][\/vc_row][vc_row][vc_column width=&#8221;1\/2&#8243;][vc_column_text]<\/p>\n<h4>Omlouv\u00e1me se, obsah str\u00e1nky se p\u0159ipravuje<\/h4>\n<p><a href=\"http:\/\/www.kaufelektro.cz\/index.php\/our-services\/\">P\u0159ehled nab\u00eddky v\u0161ech slu\u017eeb<\/a>[\/vc_column_text][vc_column_text]<\/p>\n<h4>.<\/h4>\n<p>.[\/vc_column_text][vc_accordion][vc_accordion_tab title=&#8221;Prvn\u00ed&#8221;][vc_column_text]Text se p\u0159ipravuje[\/vc_column_text][\/vc_accordion_tab][vc_accordion_tab title=&#8221;Druh\u00e1&#8221;][vc_column_text]Text se p\u0159ipravuje[\/vc_column_text][\/vc_accordion_tab][\/vc_accordion][\/vc_column][vc_column width=&#8221;1\/2&#8243;][vc_column_text]<\/p>\n<h4>.<\/h4>\n<p>.[\/vc_column_text][vc_column_text]<\/p>\n<h4>.<\/h4>\n<p>.[\/vc_column_text][vc_column_text]<\/p>\n<h4><\/h4>\n<p>[\/vc_column_text][\/vc_column][\/vc_row]<\/p>\n","protected":false},"excerpt":{"rendered":"<p>Prov\u00e1d\u00edme spolehliv\u00e9 zednick\u00e9 pr\u00e1ce, rodinn\u00e9 domy na kl\u00ed\u010d, rekonstrukce, zateplen\u00ed fas\u00e1d, z\u00e1mkov\u00e9 dla\u017eby a obklady, dla\u017eby, v\u00fdkopov\u00e9, instalat\u00e9rsk\u00e9 pr\u00e1ce&#8230;<\/p>\n","protected":false},"author":1,"featured_media":1216,"parent":25,"menu_order":0,"comment_status":"closed","ping_status":"closed","template":"","meta":{"footnotes":""},"class_list":["post-1138","page","type-page","status-publish","has-post-thumbnail","hentry"],"_links":{"self":[{"href":"https:\/\/www.kaufelektro.cz\/index.php\/wp-json\/wp\/v2\/pages\/1138"}],"collection":[{"href":"https:\/\/www.kaufelektro.cz\/index.php\/wp-json\/wp\/v2\/pages"}],"about":[{"href":"https:\/\/www.kaufelektro.cz\/index.php\/wp-json\/wp\/v2\/types\/page"}],"author":[{"embeddable":true,"href":"https:\/\/www.kaufelektro.cz\/index.php\/wp-json\/wp\/v2\/users\/1"}],"replies":[{"embeddable":true,"href":"https:\/\/www.kaufelektro.cz\/index.php\/wp-json\/wp\/v2\/comments?post=1138"}],"version-history":[{"count":4,"href":"https:\/\/www.kaufelektro.cz\/index.php\/wp-json\/wp\/v2\/pages\/1138\/revisions"}],"predecessor-version":[{"id":1199,"href":"https:\/\/www.kaufelektro.cz\/index.php\/wp-json\/wp\/v2\/pages\/1138\/revisions\/1199"}],"up":[{"embeddable":true,"href":"https:\/\/www.kaufelektro.cz\/index.php\/wp-json\/wp\/v2\/pages\/25"}],"wp:featuredmedia":[{"embeddable":true,"href":"https:\/\/www.kaufelektro.cz\/index.php\/wp-json\/wp\/v2\/media\/1216"}],"wp:attachment":[{"href":"https:\/\/www.kaufelektro.cz\/index.php\/wp-json\/wp\/v2\/media?parent=1138"}],"curies":[{"name":"wp","href":"https:\/\/api.w.org\/{rel}","templated":true}]}}