{"id":1126,"date":"2016-01-03T07:43:58","date_gmt":"2016-01-03T07:43:58","guid":{"rendered":"http:\/\/www.kaufelektro.cz\/?page_id=1126"},"modified":"2018-06-08T16:29:57","modified_gmt":"2018-06-08T16:29:57","slug":"elektro-prace","status":"publish","type":"page","link":"https:\/\/www.kaufelektro.cz\/index.php\/our-services\/elektro-prace\/","title":{"rendered":"Elektro pr\u00e1ce"},"content":{"rendered":"<p>[vc_row padding_top=&#8221;0&#8243; padding_bottom=&#8221;0&#8243;][vc_column][vc_single_image image=&#8221;1144&#8243; img_size=&#8221;1000&#215;600&#8243;][vc_column_text]<\/p>\n\n<p>[\/vc_column_text][\/vc_column][\/vc_row][vc_row][vc_column width=&#8221;1\/2&#8243;][vc_column_text]<\/p>\n<h4>Omlouv\u00e1me se, obsah str\u00e1nky se p\u0159ipravuje<\/h4>\n<p><a href=\"http:\/\/www.kaufelektro.cz\/index.php\/our-services\/\">P\u0159ehled nab\u00eddky v\u0161ech slu\u017eeb<\/a>[\/vc_column_text][vc_column_text]<\/p>\n<h4>.<\/h4>\n<p>Nav\u0161tivte n\u00e1s pozd\u011bji pros\u00edm.[\/vc_column_text][vc_accordion][vc_accordion_tab title=&#8221;Prvn\u00ed&#8221;][vc_column_text]Text se p\u0159ipravuje[\/vc_column_text][\/vc_accordion_tab][vc_accordion_tab title=&#8221;Druh\u00e1&#8221;][vc_column_text]Text se p\u0159ipravuje[\/vc_column_text][\/vc_accordion_tab][\/vc_accordion][\/vc_column][vc_column width=&#8221;1\/2&#8243;][vc_column_text]<\/p>\n<h4>.<\/h4>\n<p>.[\/vc_column_text][vc_column_text]<\/p>\n<h4>.<\/h4>\n<p>.[\/vc_column_text][vc_column_text]<\/p>\n<h4>.<\/h4>\n<p>[\/vc_column_text][\/vc_column][\/vc_row]<\/p>\n","protected":false},"excerpt":{"rendered":"<p>Prov\u00e1d\u00edme kompletn\u00ed elektroinstalace budov. Zajist\u00edme v\u0161e od projektov\u00e9 dokumentace a povolen\u00ed, p\u0159es mont\u00e1\u017e, a\u017e po revizn\u00ed kontroly.<\/p>\n","protected":false},"author":1,"featured_media":1127,"parent":25,"menu_order":0,"comment_status":"closed","ping_status":"closed","template":"","meta":{"footnotes":""},"class_list":["post-1126","page","type-page","status-publish","has-post-thumbnail","hentry"],"_links":{"self":[{"href":"https:\/\/www.kaufelektro.cz\/index.php\/wp-json\/wp\/v2\/pages\/1126"}],"collection":[{"href":"https:\/\/www.kaufelektro.cz\/index.php\/wp-json\/wp\/v2\/pages"}],"about":[{"href":"https:\/\/www.kaufelektro.cz\/index.php\/wp-json\/wp\/v2\/types\/page"}],"author":[{"embeddable":true,"href":"https:\/\/www.kaufelektro.cz\/index.php\/wp-json\/wp\/v2\/users\/1"}],"replies":[{"embeddable":true,"href":"https:\/\/www.kaufelektro.cz\/index.php\/wp-json\/wp\/v2\/comments?post=1126"}],"version-history":[{"count":4,"href":"https:\/\/www.kaufelektro.cz\/index.php\/wp-json\/wp\/v2\/pages\/1126\/revisions"}],"predecessor-version":[{"id":1198,"href":"https:\/\/www.kaufelektro.cz\/index.php\/wp-json\/wp\/v2\/pages\/1126\/revisions\/1198"}],"up":[{"embeddable":true,"href":"https:\/\/www.kaufelektro.cz\/index.php\/wp-json\/wp\/v2\/pages\/25"}],"wp:featuredmedia":[{"embeddable":true,"href":"https:\/\/www.kaufelektro.cz\/index.php\/wp-json\/wp\/v2\/media\/1127"}],"wp:attachment":[{"href":"https:\/\/www.kaufelektro.cz\/index.php\/wp-json\/wp\/v2\/media?parent=1126"}],"curies":[{"name":"wp","href":"https:\/\/api.w.org\/{rel}","templated":true}]}}